{"id":132120,"date":"2024-02-23T14:55:36","date_gmt":"2024-02-23T17:55:36","guid":{"rendered":"https:\/\/pipek.com.br\/lgpd\/"},"modified":"2024-03-18T16:17:56","modified_gmt":"2024-03-18T19:17:56","slug":"lgpd","status":"publish","type":"page","link":"https:\/\/pipek.com.br\/en\/lgpd\/","title":{"rendered":"LGPD"},"content":{"rendered":"<div class=\"wpb-content-wrapper\"><p>[vc_row row_height_percent=&#8221;0&#8243; override_padding=&#8221;yes&#8221; h_padding=&#8221;2&#8243; top_padding=&#8221;3&#8243; bottom_padding=&#8221;0&#8243; overlay_alpha=&#8221;50&#8243; gutter_size=&#8221;3&#8243; column_width_percent=&#8221;100&#8243; shift_y=&#8221;0&#8243; z_index=&#8221;0&#8243; uncode_shortcode_id=&#8221;433167&#8243;][vc_column width=&#8221;1\/1&#8243;][vc_custom_heading text_color=&#8221;color-210407&#8243; text_font=&#8221;font-652523&#8243; text_size=&#8221;&#8221; text_weight=&#8221;400&#8243; uncode_shortcode_id=&#8221;821558&#8243; text_color_type=&#8221;uncode-palette&#8221;]<\/p>\n<h2><span class=\"font-652523\" style=\"color: #b18eaa;\">LPGD<\/span><\/h2>\n<p>[\/vc_custom_heading][\/vc_column][\/vc_row][vc_row row_height_percent=&#8221;0&#8243; override_padding=&#8221;yes&#8221; h_padding=&#8221;2&#8243; top_padding=&#8221;2&#8243; bottom_padding=&#8221;2&#8243; overlay_alpha=&#8221;50&#8243; gutter_size=&#8221;3&#8243; column_width_percent=&#8221;100&#8243; shift_y=&#8221;0&#8243; z_index=&#8221;0&#8243; uncode_shortcode_id=&#8221;997924&#8243;][vc_column width=&#8221;1\/1&#8243;][vc_column_text uncode_shortcode_id=&#8221;105426&#8243;]<\/p>\n<h4 style=\"font-weight: 400;\"><strong><span style=\"color: #bb2648;\">REGISTRATION OF PERSONAL DATA PROCESSING OPERATIONS<\/span><\/strong><\/h4>\n<p style=\"font-weight: 400;\"><strong>PIPEK ADVOGADOS<\/strong><\/p>\n<p style=\"font-weight: 400;\">Controlador: <strong>PIPEK ADVOGADOS<\/strong><\/p>\n<p style=\"font-weight: 400;\">Date: February 21, 2024.<\/p>\n<ol>\n<li style=\"font-weight: 400;\"><span style=\"color: #bb2648;\"><strong> INTRODUCTION<\/strong><\/span><\/li>\n<\/ol>\n<p style=\"font-weight: 400;\">In compliance with art. 37 of the General Data Protection Law (LGPD) and considering the Office&#8217;s position as a small processing agent, this document aims to maintain a robust and detailed record of all personal data processing operations carried out. This action is essential to ensure transparency and to demonstrate the Office&#8217;s compliance with the LGPD and Resolution CD\/ANPD No. 2.<\/p>\n<ol start=\"2\">\n<li style=\"font-weight: 400;\"><span style=\"color: #bb2648;\"><strong> HOLDER CATEGORIES AND RESPECTIVE DATA<\/strong><\/span><\/li>\n<\/ol>\n<p style=\"font-weight: 400;\"><strong>2.1. Clients:<\/strong><\/p>\n<ul>\n<li><strong>Identifying Data:<\/strong> Full name, date of birth, CPF, ID, full address, contact telephone number, email.<\/li>\n<li><strong>Procedural Data:<\/strong> Nature of the action, details and history of the case, case number, competent court or chamber, current status.al.<\/li>\n<li><strong>Financial Data:<\/strong> Payment method, payment history, bank details.<\/li>\n<\/ul>\n<p style=\"font-weight: 400;\"><strong>2.2. Employees:<\/strong><\/p>\n<ul>\n<li><strong>Identifying Data:<\/strong> Full name, date of birth, CPF, ID, full address, contact telephone number, email.<\/li>\n<li><strong>Professional Data:<\/strong> Academic history, professional experience, current position, date of admission, salary, bank details.<\/li>\n<li><strong>Health Data<\/strong>: Information about certificates, occupational health history.<\/li>\n<li><strong>Financial Data:<\/strong> Payment method, payment history, bank details.<\/li>\n<\/ul>\n<p style=\"font-weight: 400;\"><strong>2.3. Service Providers and Correspondents:<\/strong><\/p>\n<ul>\n<li><strong>Identification Data:<\/strong> Name or company name, CPF\/CNPJ, full address, contact telephone number, email.<\/li>\n<li><strong>Contractual Data:<\/strong> Services provided, dates and details of contracts, agreed values, bank details for payments.<\/li>\n<li><strong>Financial Data:<\/strong> Payment method, payment history, bank details.<\/li>\n<\/ul>\n<p style=\"font-weight: 400;\"><strong>2.4. Parts of the Judicial Proceedings:<\/strong><\/p>\n<ul>\n<li><strong>Identifying Data:<\/strong> Full name, CPF, ID, address, contact telephone number.<\/li>\n<li><strong>Procedural Data:<\/strong> Relationship with the main party (e.g. defendant, witness, interested third party), specific information pertinent to the process.<\/li>\n<li><strong>Financial Data:<\/strong> Payment method, payment history, bank details.<\/li>\n<\/ul>\n<p style=\"font-weight: 400;\"><strong>2.5. Partner lawyers:<\/strong><\/p>\n<ul>\n<li><strong>Identification Data:<\/strong> Full name, date of birth, CPF, RG, OAB, full address, contact telephone number, email.<\/li>\n<li><strong>Professional Data:<\/strong> Academic history, professional experience, Debt Clearance Certificate, Proof of OAB annuity regularity.<\/li>\n<li><strong>Contractual Data:<\/strong> Services provided, dates and details of contracts, agreed values, bank details for payments.<\/li>\n<li><strong>Financial Data:<\/strong> Payment method, payment history, bank details.<\/li>\n<\/ul>\n<p style=\"font-weight: 400;\"><strong>2.6. Associated lawyers:<\/strong><\/p>\n<ul>\n<li><strong>Identification Data:<\/strong> Full name, date of birth, CPF, ID, full address, contact telephone number, email, OAB.<\/li>\n<li><strong>Professional Data:<\/strong> Academic history, professional experience, Debt Clearance Certificate, Proof of OAB annuity regularity.<\/li>\n<li><strong>Contractual Data:<\/strong> Services provided, dates and details of contracts, agreed values, bank details for payments.<\/li>\n<li><strong>Financial Data:<\/strong> Payment method, payment history, bank details.<\/li>\n<\/ul>\n<p style=\"font-weight: 400;\"><strong>2.7. Lawyers (Single-person Companies)<\/strong><\/p>\n<ul>\n<li><strong>Identification Data:<\/strong> Full name, date of birth, CPF, ID, full address, contact telephone number, email, CNPJ Card, OAB.<\/li>\n<li><strong>Professional Data:<\/strong> Academic history, professional experience, Debt Clearance Certificate, Proof of OAB annuity regularity.<\/li>\n<li><strong>Contractual Data:<\/strong> Services provided, dates and details of contracts, agreed values, bank details for payments.<\/li>\n<li><strong>Financial Data:<\/strong> Payment method, payment history, bank details.<\/li>\n<\/ul>\n<ol start=\"3\">\n<li style=\"font-weight: 400;\"><span style=\"color: #bb2648;\"><strong> TREATMENT PURPOSES<\/strong><\/span><\/li>\n<\/ol>\n<p style=\"font-weight: 400;\"><strong>3.1. Clients:<\/strong> Legal representation in disputes and consultations, communication relevant to the procedural progress, preparation of legal documents, billing, collection and sending of legal information.<\/p>\n<p style=\"font-weight: 400;\"><strong>3.2. Employees:<\/strong> Human resources management, payroll, benefits, training and development, internal communication and performance evaluations.<\/p>\n<p style=\"font-weight: 400;\">3.3. <strong>Service Providers<\/strong> <strong>and<\/strong> <strong>Correspondents:<\/strong> Hiring, management and evaluation of services provided, payment and contractual communications.<\/p>\n<p style=\"font-weight: 400;\"><strong>3.4. Parts of Judicial Processes:<\/strong> Definition of procedural strategies, preparation of legal documents, official communications.<\/p>\n<p style=\"font-weight: 400;\"><strong>3.5. Lawyers (Partners, associates and sole proprietorships):<\/strong> Hiring, management and evaluation of services provided, payment and contractual communications, training and development and internal communication.<\/p>\n<ol start=\"4\">\n<li style=\"font-weight: 400;\"><strong> TREATMENT OPERATIONS CARRIED OUT<\/strong><\/li>\n<\/ol>\n<p style=\"font-weight: 400;\">4.1. <strong>Collection:<\/strong> Capture of data from holders at the beginning and during the relationship.<\/p>\n<p style=\"font-weight: 400;\">4.2. <strong>Storage:<\/strong> Storage of data in secure systems, both physical and digital.<\/p>\n<p style=\"font-weight: 400;\">4.3. <strong>Use:<\/strong> Use of data according to previously established purposes.<\/p>\n<p style=\"font-weight: 400;\">4.4. <strong>Transmission:<\/strong> Sharing data with third parties when necessary.<\/p>\n<p style=\"font-weight: 400;\">4.5. <strong>Deletion:<\/strong> Secure disposal of data after the need for retention ends.<\/p>\n<ol start=\"5\">\n<li style=\"font-weight: 400;\"><strong> SECURITY MEASURES IMPLEMENTED<\/strong><\/li>\n<\/ol>\n<p style=\"font-weight: 400;\">5.1. <strong>Infrastructure:<\/strong> Secure servers and robust firewall.<\/p>\n<p style=\"font-weight: 400;\">5.2. <strong>Encryption:<\/strong> Both data in transit and at rest.<\/p>\n<p style=\"font-weight: 400;\">5.3. <strong>Access<\/strong> <strong>Contro<\/strong><strong>l:<\/strong> Differentiation of access levels, with two-factor authentication.<\/p>\n<p style=\"font-weight: 400;\">5.4. <strong>Backup:<\/strong> Performed daily, with storage in a safe location.<\/p>\n<p style=\"font-weight: 400;\">5.5. <strong>Training:<\/strong> Constant training of employees on data protection practices and associated risks.<\/p>\n<p style=\"font-weight: 400;\">5.6. <strong>Update:<\/strong> Software and systems are always updated to the safest versions.<\/p>\n<ol start=\"6\">\n<li style=\"font-weight: 400;\"><strong> DATA DELETION PERIOD<\/strong><\/li>\n<\/ol>\n<p style=\"font-weight: 400;\">Depending on the need for retention to fulfill the purposes or in compliance with specific legislation. After these deadlines, the deletion will be carried out in a safe and irreversible manner.<\/p>\n<ol start=\"7\">\n<li style=\"font-weight: 400;\"><strong> THIRD PARTIES WITH ACCESS TO DATA<\/strong><\/li>\n<\/ol>\n<p style=\"font-weight: 400;\">Depending on the need for access to data to fulfill the purposes listed, all third parties and service providers to the office, through a specific clause in the contract, undertake to comply with the legislation, as well as to use the data in a safe and specific manner. .<\/p>\n<ol start=\"8\">\n<li style=\"font-weight: 400;\"><strong> RESPONSIBLE FOR DATA PROCESSING<\/strong><\/li>\n<\/ol>\n<p style=\"font-weight: 400;\">Wagner Martins Ramos<\/p>\n<p style=\"font-weight: 400;\">Cellphone 11 99186-1661<\/p>\n<p style=\"font-weight: 400;\">Email: <a href=\"mailto:wmramos@pipek.com.br\">wmramos@pipek.com.br<\/a> or dpo@pipek.com.br<\/p>\n<p>[\/vc_column_text][vc_separator sep_color=&#8221;color-210407&#8243; uncode_shortcode_id=&#8221;177091&#8243; sep_color_type=&#8221;uncode-palette&#8221;][vc_column_text uncode_shortcode_id=&#8221;176816&#8243;]<\/p>\n<h4><strong><span style=\"color: #bb2648;\">PERSONAL DATA RETENTION AND DISPOSAL POLICY<\/span><\/strong><\/h4>\n<p style=\"font-weight: 400;\"><strong>PIPEK, PENTEADO AND PAES MANSO ADVOGADOS ASSOCIADOS<\/strong><\/p>\n<ol>\n<li style=\"font-weight: 400;\"><span style=\"color: #000000;\"><strong> Introdution<\/strong><\/span><\/li>\n<\/ol>\n<p style=\"font-weight: 400;\">This policy establishes guidelines on the retention and disposal of personal data within the scope of the PIPEK, PENTEADO E PAES MANSO ADVOGADOS ASSOCIADOS Office, in compliance with the requirements of the General Data Protection Law (LGPD) and other relevant regulations.PIPEK, PENTEADO AND PAES MANSO ADVOGADOS ASSOCIADOS<\/p>\n<ol start=\"2\">\n<li style=\"font-weight: 400;\"><span style=\"color: #000000;\"><strong> Objective<\/strong><\/span><\/li>\n<\/ol>\n<p style=\"font-weight: 400;\">Ensure that personal data is kept for the time necessary to achieve the purpose for which it was collected, and that it is disposed of in a safe and appropriate manner, minimizing risks related to privacy and data security.<\/p>\n<ol start=\"3\">\n<li style=\"font-weight: 400;\"><span style=\"color: #000000;\"><strong> Definitions<\/strong><\/span><\/li>\n<\/ol>\n<ul>\n<li><strong>Personal Data:<\/strong> Information related to an identified or identifiable natural person.<\/li>\n<li><strong>Retention Period:<\/strong> Duration of time during which personal data is stored to fulfill the purpose for which it was collected.<\/li>\n<li><strong>Disposal: Process of deleting or destroying personal data after the retention period ends.<\/strong><\/li>\n<\/ul>\n<ol start=\"4\">\n<li style=\"font-weight: 400;\"><span style=\"color: #000000;\"><strong> General principles<\/strong><\/span><\/li>\n<\/ol>\n<p style=\"font-weight: 400;\">4.1. Personal data should only be kept for as long as necessary to satisfy the purpose for which it was collected.<\/p>\n<p style=\"font-weight: 400;\">4.2. Data disposal must be carried out safely and in a way that guarantees the impossibility of recovery.<\/p>\n<ol start=\"5\">\n<li style=\"font-weight: 400;\"><span style=\"color: #000000;\"><strong> Retention Periods<\/strong><\/span><\/li>\n<\/ol>\n<p style=\"font-weight: 400;\">Personal data will be retained according to the categories below:<\/p>\n<ul>\n<li><strong>Clients:<\/strong> 5 years after the end of the contract or conclusion of the legal case.<\/li>\n<li><strong>Employees:<\/strong> 10 years after the end of the employment contract.<\/li>\n<li><strong>Service Providers and Correspondents:<\/strong> 5 years after completion of the last service provided.<\/li>\n<li><strong>Parties to Legal Proceedings:<\/strong> During the duration of the process and a further 5 years after its conclusion.<\/li>\n<li><strong>Advogados s\u00f3cios, associados e sociedades unipessoais:<\/strong> 10 anos ap\u00f3s a conclus\u00e3o do \u00faltimo servi\u00e7o prestado.<\/li>\n<\/ul>\n<ol start=\"6\">\n<li style=\"font-weight: 400;\"><span style=\"color: #000000;\"><strong> Disposal Procedures.<\/strong><\/span><\/li>\n<\/ol>\n<p style=\"font-weight: 400;\">6.1. Electronic Data: Will be permanently deleted or depersonalized, ensuring the impossibility of data recovery or reconstruction.<\/p>\n<p style=\"font-weight: 400;\">6.2. Paper Data: Will be shredded in such a way that it cannot be reconstituted.<\/p>\n<ol start=\"7\">\n<li style=\"font-weight: 400;\"><strong><span style=\"color: #000000;\"> Review and Update<\/span><\/strong><\/li>\n<\/ol>\n<p style=\"font-weight: 400;\">This policy will be reviewed at least once every two years or whenever there are significant changes in legislation, internal processes or the nature of the data collected.<\/p>\n<ol start=\"8\">\n<li style=\"font-weight: 400;\"><span style=\"color: #000000;\"><strong> Responsibility and Contact<\/strong><\/span><\/li>\n<\/ol>\n<p style=\"font-weight: 400;\">The person responsible for processing data at the PIPEK ADVOGADOS Office is Wagner Martins Ramos, who can be contacted by email at dpo@pipek.com.br<\/p>\n<ol start=\"9\">\n<li style=\"font-weight: 400;\"><span style=\"color: #000000;\"><strong> Conclusion<\/strong><\/span><\/li>\n<\/ol>\n<p style=\"font-weight: 400;\">Considering that an adequate policy for the retention and disposal of personal data is required by art. 18, VI, of the LGPD, it is essential that all members and collaborators of the PIPEK ADVOGADOS Firm are aware of and adopt this policy in their daily practice.<\/p>\n<p>[\/vc_column_text][\/vc_column][\/vc_row][vc_row][vc_column width=&#8221;1\/1&#8243;][\/vc_column][\/vc_row]<\/p>\n<\/div>","protected":false},"excerpt":{"rendered":"<p>[vc_row row_height_percent=&#8221;0&#8243; override_padding=&#8221;yes&#8221; h_padding=&#8221;2&#8243; top_padding=&#8221;3&#8243; bottom_padding=&#8221;0&#8243; overlay_alpha=&#8221;50&#8243; gutter_size=&#8221;3&#8243; column_width_percent=&#8221;100&#8243; shift_y=&#8221;0&#8243; z_index=&#8221;0&#8243; uncode_shortcode_id=&#8221;433167&#8243;][vc_column width=&#8221;1\/1&#8243;][vc_custom_heading text_color=&#8221;color-210407&#8243; text_font=&#8221;font-652523&#8243; text_size=&#8221;&#8221; text_weight=&#8221;400&#8243; uncode_shortcode_id=&#8221;821558&#8243; text_color_type=&#8221;uncode-palette&#8221;] LPGD [&hellip;]<\/p>\n","protected":false},"author":3,"featured_media":0,"parent":0,"menu_order":0,"comment_status":"closed","ping_status":"closed","template":"","meta":{"footnotes":""},"class_list":["post-132120","page","type-page","status-publish","hentry","page_category-classic-en","page_category-agency-en"],"_links":{"self":[{"href":"https:\/\/pipek.com.br\/en\/wp-json\/wp\/v2\/pages\/132120","targetHints":{"allow":["GET"]}}],"collection":[{"href":"https:\/\/pipek.com.br\/en\/wp-json\/wp\/v2\/pages"}],"about":[{"href":"https:\/\/pipek.com.br\/en\/wp-json\/wp\/v2\/types\/page"}],"author":[{"embeddable":true,"href":"https:\/\/pipek.com.br\/en\/wp-json\/wp\/v2\/users\/3"}],"replies":[{"embeddable":true,"href":"https:\/\/pipek.com.br\/en\/wp-json\/wp\/v2\/comments?post=132120"}],"version-history":[{"count":3,"href":"https:\/\/pipek.com.br\/en\/wp-json\/wp\/v2\/pages\/132120\/revisions"}],"predecessor-version":[{"id":132190,"href":"https:\/\/pipek.com.br\/en\/wp-json\/wp\/v2\/pages\/132120\/revisions\/132190"}],"wp:attachment":[{"href":"https:\/\/pipek.com.br\/en\/wp-json\/wp\/v2\/media?parent=132120"}],"curies":[{"name":"wp","href":"https:\/\/api.w.org\/{rel}","templated":true}]}}