{"id":132060,"date":"2023-11-16T15:48:15","date_gmt":"2023-11-16T18:48:15","guid":{"rendered":"https:\/\/pipek.com.br\/practice-areas-administrative-litigation\/"},"modified":"2024-03-13T11:08:46","modified_gmt":"2024-03-13T14:08:46","slug":"practice-areas-administrative-litigation","status":"publish","type":"page","link":"https:\/\/pipek.com.br\/en\/practice-areas-administrative-litigation\/","title":{"rendered":"Practice areas &#8211; Administrative Litigation"},"content":{"rendered":"<div class=\"wpb-content-wrapper\"><p>[vc_row row_height_percent=&#8221;80&#8243; override_padding=&#8221;yes&#8221; h_padding=&#8221;0&#8243; top_padding=&#8221;5&#8243; bottom_padding=&#8221;2&#8243; back_color=&#8221;color-lxmt&#8221; back_image=&#8221;131509&#8243; parallax=&#8221;yes&#8221; overlay_color=&#8221;color-nhtu&#8221; overlay_alpha=&#8221;15&#8243; gutter_size=&#8221;6&#8243; column_width_percent=&#8221;100&#8243; shift_y=&#8221;0&#8243; z_index=&#8221;0&#8243; row_name=&#8221;Welcome&#8221; uncode_shortcode_id=&#8221;164833&#8243; back_color_type=&#8221;uncode-palette&#8221; overlay_color_type=&#8221;uncode-palette&#8221;][vc_column column_width_use_pixel=&#8221;yes&#8221; position_vertical=&#8221;middle&#8221; align_horizontal=&#8221;align_center&#8221; gutter_size=&#8221;3&#8243; style=&#8221;dark&#8221; overlay_alpha=&#8221;85&#8243; shift_x=&#8221;0&#8243; shift_y=&#8221;0&#8243; shift_y_down=&#8221;0&#8243; z_index=&#8221;0&#8243; medium_width=&#8221;0&#8243; mobile_width=&#8221;0&#8243; zoom_width=&#8221;0&#8243; zoom_height=&#8221;0&#8243; width=&#8221;1\/1&#8243; column_width_pixel=&#8221;900&#8243; uncode_shortcode_id=&#8221;680270&#8243;][vc_row_inner row_inner_height_percent=&#8221;90&#8243; overlay_alpha=&#8221;20&#8243; gutter_size=&#8221;3&#8243; shift_y=&#8221;0&#8243; z_index=&#8221;0&#8243; limit_content=&#8221;&#8221; front_end_with_slider=&#8221;true&#8221; uncode_shortcode_id=&#8221;164830&#8243;][vc_column_inner column_width_use_pixel=&#8221;yes&#8221; position_vertical=&#8221;middle&#8221; align_horizontal=&#8221;align_center&#8221; gutter_size=&#8221;2&#8243; style=&#8221;dark&#8221; overlay_alpha=&#8221;50&#8243; shift_x=&#8221;0&#8243; shift_y=&#8221;0&#8243; shift_y_down=&#8221;0&#8243; z_index=&#8221;0&#8243; medium_width=&#8221;0&#8243; mobile_width=&#8221;0&#8243; css_animation=&#8221;alpha-anim&#8221; animation_speed=&#8221;800&#8243; animation_delay=&#8221;200&#8243; zoom_width=&#8221;0&#8243; zoom_height=&#8221;0&#8243; width=&#8221;1\/1&#8243; uncode_shortcode_id=&#8221;211366&#8243; column_width_pixel=&#8221;900&#8243;][vc_custom_heading text_color=&#8221;color-xsdn&#8221; heading_semantic=&#8221;h5&#8243; text_font=&#8221;font-652523&#8243; text_size=&#8221;h5&#8243; text_weight=&#8221;700&#8243; text_transform=&#8221;uppercase&#8221; text_space=&#8221;fontspace-135905&#8243; uncode_shortcode_id=&#8221;212048&#8243; text_color_type=&#8221;uncode-palette&#8221;]AREAS OF EXPERTISE[\/vc_custom_heading][vc_custom_heading text_font=&#8221;font-652523&#8243; text_size=&#8221;fontsize-155944&#8243; text_weight=&#8221;400&#8243; css_animation=&#8221;curtain&#8221; animation_speed=&#8221;800&#8243; uncode_shortcode_id=&#8221;657946&#8243;]<\/p>\n<div><span lang=\"PT-BR\">Discover our areas of expertise<\/span><\/div>\n<p>[\/vc_custom_heading][\/vc_column_inner][\/vc_row_inner][\/vc_column][\/vc_row][vc_row row_height_percent=&#8221;0&#8243; override_padding=&#8221;yes&#8221; h_padding=&#8221;5&#8243; top_padding=&#8221;2&#8243; bottom_padding=&#8221;2&#8243; back_color=&#8221;color-lxmt&#8221; overlay_alpha=&#8221;100&#8243; overlay_color_blend=&#8221;multiply&#8221; gutter_size=&#8221;3&#8243; column_width_percent=&#8221;100&#8243; shift_y=&#8221;0&#8243; z_index=&#8221;0&#8243; uncode_shortcode_id=&#8221;155585&#8243; back_color_type=&#8221;uncode-palette&#8221;][vc_column width=&#8221;1\/3&#8243;][vc_column_text text_lead=&#8221;yes&#8221; uncode_shortcode_id=&#8221;184676&#8243;]<\/p>\n<p style=\"text-align: center;\"><a href=\"https:\/\/pipek.com.br\/en\/practice-areas-litigation\/\"><span class=\"font-652523\" style=\"color: #b50736;\">Litigation<\/span><\/a><\/p>\n<p>[\/vc_column_text][\/vc_column][vc_column width=&#8221;1\/3&#8243;][vc_column_text text_lead=&#8221;yes&#8221; uncode_shortcode_id=&#8221;187124&#8243;]<\/p>\n<p style=\"text-align: center;\"><a href=\"https:\/\/pipek.com.br\/en\/areas-of-activity-consultancy\/\"><span class=\"font-652523\" style=\"color: #b50736;\">Advisory<\/span><\/a><\/p>\n<p>[\/vc_column_text][\/vc_column][vc_column width=&#8221;1\/3&#8243;][vc_column_text text_lead=&#8221;yes&#8221; uncode_shortcode_id=&#8221;853525&#8243;]<\/p>\n<p style=\"text-align: center;\"><a href=\"https:\/\/pipek.com.br\/en\/areas-of-activity-legal-settlements\/\"><span class=\"font-652523\" style=\"color: #b50736;\">Legal Settlements<\/span><\/a><\/p>\n<p>[\/vc_column_text][\/vc_column][\/vc_row][vc_row row_height_percent=&#8221;0&#8243; override_padding=&#8221;yes&#8221; h_padding=&#8221;2&#8243; top_padding=&#8221;2&#8243; bottom_padding=&#8221;2&#8243; overlay_alpha=&#8221;50&#8243; gutter_size=&#8221;3&#8243; column_width_percent=&#8221;100&#8243; shift_y=&#8221;0&#8243; z_index=&#8221;0&#8243; uncode_shortcode_id=&#8221;746722&#8243;][vc_column column_width_percent=&#8221;100&#8243; gutter_size=&#8221;3&#8243; override_padding=&#8221;yes&#8221; column_padding=&#8221;2&#8243; overlay_alpha=&#8221;50&#8243; shift_x=&#8221;0&#8243; shift_y=&#8221;0&#8243; shift_y_down=&#8221;0&#8243; z_index=&#8221;0&#8243; medium_width=&#8221;0&#8243; mobile_width=&#8221;0&#8243; width=&#8221;1\/1&#8243; uncode_shortcode_id=&#8221;139407&#8243;][vc_custom_heading text_color=&#8221;color-482803&#8243; heading_semantic=&#8221;h3&#8243; text_font=&#8221;font-652523&#8243; text_size=&#8221;fontsize-155944&#8243; text_weight=&#8221;400&#8243; uncode_shortcode_id=&#8221;219351&#8243; text_color_type=&#8221;uncode-palette&#8221;]Administrative Litigation[\/vc_custom_heading][vc_column_text uncode_shortcode_id=&#8221;136109&#8243;]<\/p>\n<div class=\"uncoltable\">\n<div class=\"uncell no-block-padding\">\n<div class=\"uncont\">\n<div class=\"uncode_text_column\">\n<p style=\"font-weight: 400;\">The Administrative Litigation area acts strategically in administrative procedures before the Public Ministry of Labor, the Ministry of Labor and Employment (MTE) and the National Social Security Institute (INSS). Our vast experience in the administrative-labor sphere allows us to advise our clients strategically, considering the trends of supervisory bodies and their way of operating.<\/p>\n<p style=\"font-weight: 400;\">Before the Public Ministry of Labor (MPT), we act to defend the interests of our clients in investigative procedures, representing them at all stages of the investigation. We also negotiate, renegotiate and monitor Terms of Conduct Adjustment (TACs)<\/p>\n<p style=\"font-weight: 400;\">J\u00e1 no que diz respeito ao Minist\u00e9rio do Trabalho e Emprego (MTE), acompanhamos fiscaliza\u00e7\u00f5es e procedimentos administrativos, orientando nossos clientes acerca da melhor estrat\u00e9gia para evitar autua\u00e7\u00f5es e multas e defendendo a empresa em caso de autua\u00e7\u00e3o.<\/p>\n<p style=\"font-weight: 400;\">We monitor administrative procedures before the INSS, including challenging social security links and evaluating and challenging the FAP.<\/p>\n<\/div>\n<\/div>\n<\/div>\n<\/div>\n<p>[\/vc_column_text][\/vc_column][\/vc_row]<\/p>\n<\/div>","protected":false},"excerpt":{"rendered":"<p>[vc_row row_height_percent=&#8221;80&#8243; override_padding=&#8221;yes&#8221; h_padding=&#8221;0&#8243; top_padding=&#8221;5&#8243; bottom_padding=&#8221;2&#8243; back_color=&#8221;color-lxmt&#8221; back_image=&#8221;131509&#8243; parallax=&#8221;yes&#8221; overlay_color=&#8221;color-nhtu&#8221; overlay_alpha=&#8221;15&#8243; gutter_size=&#8221;6&#8243; column_width_percent=&#8221;100&#8243; shift_y=&#8221;0&#8243; z_index=&#8221;0&#8243; row_name=&#8221;Welcome&#8221; uncode_shortcode_id=&#8221;164833&#8243; back_color_type=&#8221;uncode-palette&#8221; overlay_color_type=&#8221;uncode-palette&#8221;][vc_column column_width_use_pixel=&#8221;yes&#8221; [&hellip;]<\/p>\n","protected":false},"author":3,"featured_media":0,"parent":0,"menu_order":0,"comment_status":"closed","ping_status":"closed","template":"","meta":{"footnotes":""},"class_list":["post-132060","page","type-page","status-publish","hentry","page_category-classic-en","page_category-agency-en"],"_links":{"self":[{"href":"https:\/\/pipek.com.br\/en\/wp-json\/wp\/v2\/pages\/132060","targetHints":{"allow":["GET"]}}],"collection":[{"href":"https:\/\/pipek.com.br\/en\/wp-json\/wp\/v2\/pages"}],"about":[{"href":"https:\/\/pipek.com.br\/en\/wp-json\/wp\/v2\/types\/page"}],"author":[{"embeddable":true,"href":"https:\/\/pipek.com.br\/en\/wp-json\/wp\/v2\/users\/3"}],"replies":[{"embeddable":true,"href":"https:\/\/pipek.com.br\/en\/wp-json\/wp\/v2\/comments?post=132060"}],"version-history":[{"count":2,"href":"https:\/\/pipek.com.br\/en\/wp-json\/wp\/v2\/pages\/132060\/revisions"}],"predecessor-version":[{"id":132157,"href":"https:\/\/pipek.com.br\/en\/wp-json\/wp\/v2\/pages\/132060\/revisions\/132157"}],"wp:attachment":[{"href":"https:\/\/pipek.com.br\/en\/wp-json\/wp\/v2\/media?parent=132060"}],"curies":[{"name":"wp","href":"https:\/\/api.w.org\/{rel}","templated":true}]}}